{"id":84,"date":"2025-01-14T20:48:03","date_gmt":"2025-01-14T20:48:03","guid":{"rendered":"https:\/\/ivanka.je\/?page_id=84"},"modified":"2025-01-14T21:55:03","modified_gmt":"2025-01-14T21:55:03","slug":"84-2","status":"publish","type":"page","link":"https:\/\/ivanka.je\/?page_id=84","title":{"rendered":"O ivanka.je"},"content":{"rendered":"\n<div class=\"wp-block-cover alignfull is-light has-contrast-color has-text-color has-link-color wp-elements-1abae7df93f7de1597d0ea2406f8171e\" style=\"margin-top:0;margin-bottom:0;padding-top:var(--wp--preset--spacing--60);padding-right:var(--wp--preset--spacing--50);padding-bottom:var(--wp--preset--spacing--60);padding-left:var(--wp--preset--spacing--50)\"><span aria-hidden=\"true\" class=\"wp-block-cover__background has-base-background-color has-background-dim-100 has-background-dim\"><\/span><div class=\"wp-block-cover__inner-container has-global-padding is-layout-constrained wp-container-core-cover-is-layout-873ee6b1 wp-block-cover-is-layout-constrained\">\n<div class=\"wp-block-columns alignwide is-layout-flex wp-container-core-columns-is-layout-7ee84d44 wp-block-columns-is-layout-flex\">\n<div class=\"wp-block-column is-layout-flow wp-block-column-is-layout-flow\" style=\"flex-basis:65%\">\n<div class=\"wp-block-group is-vertical is-content-justification-stretch is-layout-flex wp-container-core-group-is-layout-353c4f5a wp-block-group-is-layout-flex\">\n<p class=\"has-text-align-left\"><\/p>\n\n\n\n<h1 class=\"wp-block-heading\">O ivanka.je<\/h1>\n\n\n\n<p class=\"is-style-text-subtitle has-large-font-size is-style-text-subtitle--1\">To je spominska stran o Ivanki Kr\u017ei\u0161nik, \u017eeni, mami \u0161tirih otrok in medicinski sestri, ki je 29. decembra 2024, v starosti 48 let, umrla za rakom.<\/p>\n\n\n\n<p>Stran je trenutno namenjena zbiranju pomo\u010di za Ivankino dru\u017eino. V prihodnosti pa bo namenjena njenemu zadnjemu projektu, ki ga je zasnovala in predala drugim, da ga uresni\u010dijo.<\/p>\n\n\n\n<p>Zakaj ivanka.je? Ker Ivanka je. Ker se njeno poslanstvo s smrtjo ni kon\u010dalo.<\/p>\n<\/div>\n<\/div>\n<\/div>\n<\/div><\/div>\n\n\n\n<p><\/p>\n\n\n\n<p><\/p>\n\n\n\n<p><\/p>\n","protected":false},"excerpt":{"rendered":"","protected":false},"author":1,"featured_media":0,"parent":0,"menu_order":0,"comment_status":"closed","ping_status":"closed","template":"","meta":{"_eb_attr":"","footnotes":""},"class_list":["post-84","page","type-page","status-publish","hentry"],"_links":{"self":[{"href":"https:\/\/ivanka.je\/index.php?rest_route=\/wp\/v2\/pages\/84","targetHints":{"allow":["GET"]}}],"collection":[{"href":"https:\/\/ivanka.je\/index.php?rest_route=\/wp\/v2\/pages"}],"about":[{"href":"https:\/\/ivanka.je\/index.php?rest_route=\/wp\/v2\/types\/page"}],"author":[{"embeddable":true,"href":"https:\/\/ivanka.je\/index.php?rest_route=\/wp\/v2\/users\/1"}],"replies":[{"embeddable":true,"href":"https:\/\/ivanka.je\/index.php?rest_route=%2Fwp%2Fv2%2Fcomments&post=84"}],"version-history":[{"count":11,"href":"https:\/\/ivanka.je\/index.php?rest_route=\/wp\/v2\/pages\/84\/revisions"}],"predecessor-version":[{"id":111,"href":"https:\/\/ivanka.je\/index.php?rest_route=\/wp\/v2\/pages\/84\/revisions\/111"}],"wp:attachment":[{"href":"https:\/\/ivanka.je\/index.php?rest_route=%2Fwp%2Fv2%2Fmedia&parent=84"}],"curies":[{"name":"wp","href":"https:\/\/api.w.org\/{rel}","templated":true}]}}